{"id":104,"date":"2023-12-18T20:29:03","date_gmt":"2023-12-18T20:29:03","guid":{"rendered":"https:\/\/roidesarenes.game\/affiliation\/index.php\/affiliate-home\/"},"modified":"2023-12-18T20:29:03","modified_gmt":"2023-12-18T20:29:03","slug":"affiliate-home","status":"publish","type":"page","link":"https:\/\/roidesarenes.game\/affiliation\/index.php\/affiliate-home\/","title":{"rendered":"Store Affiliates"},"content":{"rendered":"<p>Ceci est la section affili\u00e9s de ce magasin. Si vous \u00eates un affili\u00e9 existant, veuillez vous <a href=\"https:\/\/roidesarenes.game\/affiliation\/index.php\/affiliate-home\/affiliate-login\/\">connecter<\/a> pour acc\u00e9der \u00e0 votre panneau de contr\u00f4le.<\/p>\n<p>Si vous n'\u00eates pas affili\u00e9, mais souhaitez le devenir, vous devrez postuler. Pour postuler, vous devez \u00eatre un utilisateur enregistr\u00e9 sur ce blog. Si vous avez d\u00e9j\u00e0 un compte sur ce blog, veuillez vous <a href=\"https:\/\/roidesarenes.game\/affiliation\/index.php\/affiliate-home\/affiliate-login\/\">connecter<\/a>. Sinon, veuillez vous <a href=\"https:\/\/roidesarenes.game\/affiliation\/index.php\/affiliate-home\/affiliate-register\/\">inscrire<\/a>.<\/p>\n\n","protected":false},"excerpt":{"rendered":"","protected":false},"author":1,"featured_media":0,"parent":0,"menu_order":0,"comment_status":"closed","ping_status":"closed","template":"","meta":{"footnotes":""},"_links":{"self":[{"href":"https:\/\/roidesarenes.game\/affiliation\/index.php\/wp-json\/wp\/v2\/pages\/104"}],"collection":[{"href":"https:\/\/roidesarenes.game\/affiliation\/index.php\/wp-json\/wp\/v2\/pages"}],"about":[{"href":"https:\/\/roidesarenes.game\/affiliation\/index.php\/wp-json\/wp\/v2\/types\/page"}],"author":[{"embeddable":true,"href":"https:\/\/roidesarenes.game\/affiliation\/index.php\/wp-json\/wp\/v2\/users\/1"}],"replies":[{"embeddable":true,"href":"https:\/\/roidesarenes.game\/affiliation\/index.php\/wp-json\/wp\/v2\/comments?post=104"}],"version-history":[{"count":0,"href":"https:\/\/roidesarenes.game\/affiliation\/index.php\/wp-json\/wp\/v2\/pages\/104\/revisions"}],"wp:attachment":[{"href":"https:\/\/roidesarenes.game\/affiliation\/index.php\/wp-json\/wp\/v2\/media?parent=104"}],"curies":[{"name":"wp","href":"https:\/\/api.w.org\/{rel}","templated":true}]}}