{"id":107,"date":"2023-12-18T20:29:03","date_gmt":"2023-12-18T20:29:03","guid":{"rendered":"https:\/\/roidesarenes.game\/affiliation\/index.php\/terms-and-conditions\/"},"modified":"2023-12-20T01:28:39","modified_gmt":"2023-12-19T16:28:39","slug":"terms-and-conditions","status":"publish","type":"page","link":"https:\/\/roidesarenes.game\/affiliation\/index.php\/terms-and-conditions\/","title":{"rendered":"Termes et conditions"},"content":{"rendered":"<h1>ROIS DES AR\u00c8NES AFFILIATION Conditions d&rsquo;utilisation du programme d&rsquo;affiliation<\/h1>\n<p><em>Derni\u00e8re modification le 19\u00a0D\u00e9cembre 2023<\/em><\/p>\n<h2>Accord<\/h2>\n<p>En vous inscrivant comme affili\u00e9 au programme d&rsquo;affiliation ROIS DES ARENES AFFILIATION (\u00ab Programme \u00bb), vous acceptez d&rsquo;\u00eatre li\u00e9 par les termes et conditions suivants (\u00ab Conditions de service \u00bb).<\/p>\n<p><strong><b>ROIS DES AR\u00c8NES<\/b> AFFILIATION<\/strong> se r\u00e9serve le droit de mettre \u00e0 jour et de modifier les conditions d&rsquo;utilisation de temps \u00e0 autre sans pr\u00e9avis. Toute nouvelle fonctionnalit\u00e9 qui augmente ou am\u00e9liore le programme actuel, y compris la publication de nouveaux outils et ressources, sera soumise aux conditions d&rsquo;utilisation. L&rsquo;utilisation continue du programme apr\u00e8s de telles modifications constituera votre consentement \u00e0 ces modifications.<\/p>\n<p>La violation de l&rsquo;une des conditions ci-dessous entra\u00eenera la r\u00e9siliation de votre compte et la confiscation de tout paiement de commission d&rsquo;affiliation impay\u00e9 gagn\u00e9 lors de la violation. Vous acceptez d&rsquo;utiliser le programme d&rsquo;affiliation \u00e0 vos propres risques.<\/p>\n<h2>Conditions du compte<\/h2>\n<ul>\n<li>Vous devez avoir 18 ans ou plus pour faire partie de ce programme.<\/li>\n<li>Vous devez r\u00e9sider au S\u00e9n\u00e9gal pour \u00eatre affili\u00e9.<\/li>\n<li>Vous devez \u00eatre un humain. Les comptes enregistr\u00e9s par des \u00abbots\u00bb ou d&rsquo;autres m\u00e9thodes automatis\u00e9es ne sont pas autoris\u00e9s.<\/li>\n<li>Vous devez fournir votre nom complet l\u00e9gal, une adresse e-mail valide et toute autre information demand\u00e9e afin de terminer le processus d&rsquo;inscription.<\/li>\n<li>Votre identifiant ne peut \u00eatre utilis\u00e9 que par une seule personne \u2013 un identifiant unique partag\u00e9 par plusieurs personnes n&rsquo;est pas autoris\u00e9.<\/li>\n<li>Vous \u00eates responsable du maintien de la s\u00e9curit\u00e9 de votre compte et de votre mot de passe.<\/li>\n<li><strong><b>ROIS DES AR\u00c8NES<\/b> AFFILIATION<\/strong> ne peut et ne sera pas responsable de toute perte ou dommage r\u00e9sultant de votre non-respect de cette obligation de s\u00e9curit\u00e9.<\/li>\n<li>Vous \u00eates responsable de tout le contenu publi\u00e9 et de l&rsquo;activit\u00e9 qui se produit sous votre compte.<\/li>\n<li>Une personne physique ou morale ne peut d\u00e9tenir plus d&rsquo;un compte.<\/li>\n<li>Vous ne pouvez pas utiliser le programme d&rsquo;affiliation \u00e0 des fins ill\u00e9gales ou non autoris\u00e9es. Vous ne devez pas, lors de l&rsquo;utilisation du Service, enfreindre les lois de votre juridiction (y compris, mais sans s&rsquo;y limiter, les lois sur les droits d&rsquo;auteur).<\/li>\n<li>Vous ne pouvez pas utiliser le programme d&rsquo;affiliation pour gagner de l&rsquo;argent par vous-m\u00eame <strong><b>ROIS DES AR\u00c8NES<\/b><\/strong><strong>\u00a0AFFILIATION<\/strong> product accounts.<\/li>\n<\/ul>\n<h2>Liens\/graphiques sur votre site, dans vos e-mails ou autres communications<\/h2>\n<p>Une fois inscrit au programme d&rsquo;affiliation, un code d&rsquo;affiliation unique vous sera attribu\u00e9. Vous \u00eates autoris\u00e9 \u00e0 placer des liens, des banni\u00e8res ou d&rsquo;autres graphiques que nous fournissons avec votre code d&rsquo;affiliation sur votre site, dans vos e-mails ou dans d&rsquo;autres communications. Nous vous fournirons des directives, des styles de liens et des illustrations graphiques \u00e0 utiliser pour cr\u00e9er des liens vers l&rsquo;AFFILIATION ROIS DES AR\u00c8NES. Nous pouvons modifier le design de l&rsquo;\u0153uvre d&rsquo;art \u00e0 tout moment sans pr\u00e9avis, mais nous ne modifierons pas les dimensions des images sans pr\u00e9avis.<\/p>\n<p>Une fois inscrit au programme d&rsquo;affiliation, un code d&rsquo;affiliation unique vous sera attribu\u00e9. Vous \u00eates autoris\u00e9 \u00e0 placer des liens, des banni\u00e8res ou d&rsquo;autres graphiques que nous fournissons avec votre code d&rsquo;affiliation sur votre site, dans vos e-mails ou dans d&rsquo;autres communications. Nous vous fournirons des directives, des styles de liens et des illustrations graphiques \u00e0 utiliser pour cr\u00e9er des liens vers l&rsquo;AFFILIATION ROIS DES AR\u00c8NES. Nous pouvons modifier le design de l&rsquo;\u0153uvre d&rsquo;art \u00e0 tout moment sans pr\u00e9avis, mais nous ne modifierons pas les dimensions des images sans pr\u00e9avis.<\/p>\n<p>Pour permettre un suivi, des rapports et une accumulation pr\u00e9cis des frais de r\u00e9f\u00e9rencement, nous vous fournirons des formats de liens sp\u00e9ciaux \u00e0 utiliser dans tous les liens entre votre site et l&rsquo;AFFILIATION ROIS DES AR\u00c8NES. Vous devez vous assurer que chacun des liens entre votre site et l&rsquo;AFFILIATION ROIS DES AR\u00c8NES utilise correctement ces formats de liens particuliers. Les liens vers l&rsquo;AFFILIATION ROIS DES AR\u00c8NES plac\u00e9s sur votre site en vertu du pr\u00e9sent Contrat et qui utilisent correctement ces formats de liens sp\u00e9ciaux sont appel\u00e9s \u00ab Liens sp\u00e9ciaux \u00bb. Vous gagnerez des commissions de r\u00e9f\u00e9rencement uniquement en ce qui concerne les ventes d&rsquo;un produit AFFILIATION ROIS DES AR\u00c8NES r\u00e9alis\u00e9es directement via des Liens Sp\u00e9ciaux ; nous ne serons pas responsables envers vous en cas de manquement de votre part ou de la part d&rsquo;une personne \u00e0 laquelle vous faites r\u00e9f\u00e9rence d&rsquo;utiliser des liens sp\u00e9ciaux ou de saisir incorrectement votre code d&rsquo;affiliation, y compris dans la mesure o\u00f9 un tel manquement peut entra\u00eener une r\u00e9duction des montants qui vous seraient autrement pay\u00e9s. conform\u00e9ment au pr\u00e9sent Accord.<\/p>\n<p>Les liens d\u2019affiliation doivent pointer vers la page du produit promu.<\/p>\n<h2>Frais de r\u00e9f\u00e9rencement\/commissions et paiement<\/h2>\n<p>Pour qu&rsquo;une vente de produit soit \u00e9ligible pour gagner une commission de parrainage, le client doit cliquer sur un lien sp\u00e9cial de votre site, par e-mail ou d&rsquo;autres communications vers <strong>https:\/\/roidesarenes.game\/affiliation<\/strong> et finaliser une commande pour un produit pendant cette p\u00e9riode. session.<\/p>\n<p>Nous ne paierons des commissions que sur les liens qui sont automatiquement suivis et signal\u00e9s par nos syst\u00e8mes. Nous ne paierons pas de commissions si quelqu&rsquo;un dit avoir achet\u00e9 ou si quelqu&rsquo;un dit avoir entr\u00e9 un code de parrainage s&rsquo;il n&rsquo;a pas \u00e9t\u00e9 suivi par notre syst\u00e8me. Nous ne pouvons payer des commissions que sur les affaires g\u00e9n\u00e9r\u00e9es via des liens sp\u00e9ciaux correctement format\u00e9s et automatiquement suivis par nos syst\u00e8mes.<\/p>\n<p>Nous nous r\u00e9servons le droit de disqualifier les commissions gagn\u00e9es gr\u00e2ce \u00e0 des m\u00e9thodes de vente ou de marketing frauduleuses, ill\u00e9gales ou trop agressives et douteuses.<\/p>\n<p>Les paiements ne commencent qu&rsquo;une fois que vous avez gagn\u00e9 plus de <strong>FCFA 90 000<\/strong> de revenus d&rsquo;affiliation. Si votre compte affili\u00e9 ne d\u00e9passe jamais le seuil de <strong>FCFA 90 000<\/strong>, vos commissions ne seront ni r\u00e9alis\u00e9es ni pay\u00e9es. Nous sommes uniquement responsables du paiement des comptes qui ont d\u00e9pass\u00e9 le seuil de <strong>FCFA 90 000<\/strong>.<\/p>\n<h2>S&rsquo;identifier comme Affili\u00e9 AFFILIATION ROIS DES AR\u00c8NES<\/h2>\n<p>Vous ne pouvez publier aucun communiqu\u00e9 de presse concernant le pr\u00e9sent Contrat ou votre participation au Programme ; une telle action peut entra\u00eener votre r\u00e9siliation du programme. De plus, vous ne pouvez en aucun cas d\u00e9former ou embellir la relation entre nous et vous, dire que vous d\u00e9veloppez nos produits, dire que vous faites partie de l&rsquo;AFFILIATION ROIS DES AR\u00c8NES ou exprimer ou impliquer une quelconque relation ou affiliation entre nous et vous ou toute autre personne. ou entit\u00e9, sauf dans la mesure express\u00e9ment autoris\u00e9e par le pr\u00e9sent Accord (y compris en exprimant ou en laissant entendre que nous soutenons, parrainons, approuvons ou contribuons de l&rsquo;argent \u00e0 un organisme de bienfaisance ou \u00e0 une autre cause).<\/p>\n<p>Vous ne pouvez pas acheter de produits via vos liens d&rsquo;affiliation pour votre propre usage. De tels achats peuvent entra\u00eener (\u00e0 notre seule discr\u00e9tion) la retenue des commissions de r\u00e9f\u00e9rence et\/ou la r\u00e9siliation du pr\u00e9sent accord.<\/p>\n<h2>Calendrier de paiement<\/h2>\n<p>Tant que vos revenus d&rsquo;affiliation actuels sont sup\u00e9rieurs \u00e0 <strong>FCFA 90 000<\/strong>, vous serez pay\u00e9 chaque mois. Si vous n&rsquo;avez pas gagn\u00e9 <strong>FCFA 90 000<\/strong> depuis votre dernier paiement, nous vous paierons le mois suivant apr\u00e8s avoir franchi le seuil.<\/p>\n<h2>D\u00e9finition du client<\/h2>\n<p>Les clients qui ach\u00e8tent des produits via ce programme seront consid\u00e9r\u00e9s comme nos clients. En cons\u00e9quence, toutes nos r\u00e8gles, politiques et proc\u00e9dures op\u00e9rationnelles concernant les commandes des clients, le service client et les ventes de produits s&rsquo;appliqueront \u00e0 ces clients. Nous pouvons modifier nos politiques et proc\u00e9dures op\u00e9rationnelles \u00e0 tout moment. Par exemple, nous d\u00e9terminerons les prix \u00e0 facturer pour les produits vendus dans le cadre de ce programme conform\u00e9ment \u00e0 nos propres politiques de tarification. Les prix et la disponibilit\u00e9 des produits peuvent varier de temps \u00e0 autre. \u00c9tant donn\u00e9 que les changements de prix peuvent affecter les produits que vous avez r\u00e9pertori\u00e9s sur votre site, vous ne devez pas afficher les prix des produits sur votre site. Nous ferons des efforts commercialement raisonnables pour pr\u00e9senter des informations exactes, mais nous ne pouvons garantir la disponibilit\u00e9 ou le prix d\u2019un produit particulier.<\/p>\n<h2>Vos responsabilit\u00e9s<\/h2>\n<div>Vous serez seul responsable du d\u00e9veloppement, de l\u2019exploitation et de la maintenance de votre site ainsi que de tous les \u00e9l\u00e9ments qui apparaissent sur votre site. Par exemple, vous serez seul responsable de :<\/div>\n<div><\/div>\n<div>&#8211; L&rsquo;exploitation technique de votre site et de tous les \u00e9quipements associ\u00e9s<\/div>\n<div>&#8211; S&rsquo;assurer que l&rsquo;affichage des liens sp\u00e9ciaux sur votre site ne viole aucun accord entre vous et un tiers (y compris, sans limitation, toute restriction ou exigence qui vous est impos\u00e9e par un tiers qui h\u00e9berge votre site)<\/div>\n<div>&#8211; L&rsquo;exactitude, la v\u00e9racit\u00e9 et la pertinence des \u00e9l\u00e9ments publi\u00e9s sur votre site (y compris, entre autres, tous les \u00e9l\u00e9ments li\u00e9s aux produits et toute information que vous incluez ou associez \u00e0 des liens sp\u00e9ciaux)<\/div>\n<div>&#8211; S&rsquo;assurer que les \u00e9l\u00e9ments publi\u00e9s sur votre site ne violent pas ou n&rsquo;enfreignent pas les droits d&rsquo;un tiers (y compris, par exemple, les droits d&rsquo;auteur, les marques d\u00e9pos\u00e9es, la confidentialit\u00e9 ou d&rsquo;autres droits personnels ou de propri\u00e9t\u00e9)<\/div>\n<div>&#8211; S&rsquo;assurer que les documents publi\u00e9s sur votre site ne sont pas diffamatoires ou autrement ill\u00e9gaux<\/div>\n<div>&#8211; Veiller \u00e0 ce que votre site divulgue de mani\u00e8re pr\u00e9cise et ad\u00e9quate, par le biais d&rsquo;une politique de confidentialit\u00e9 ou autrement, la mani\u00e8re dont vous collectez, utilisez, stockez et divulguez les donn\u00e9es collect\u00e9es aupr\u00e8s des visiteurs, y compris, le cas \u00e9ch\u00e9ant, que des tiers (y compris des annonceurs) peuvent proposer du contenu et\/ ou des publicit\u00e9s et collecter des informations directement aupr\u00e8s des visiteurs et peut placer ou reconna\u00eetre des cookies sur les navigateurs des visiteurs.<\/div>\n<h2>En accord avec les lois<\/h2>\n<p>Comme condition de votre participation au Programme, vous acceptez que pendant que vous \u00eates un participant au Programme, vous vous conformerez \u00e0 toutes les lois, ordonnances, r\u00e8gles, r\u00e8glements, ordonnances, licences, permis, jugements, d\u00e9cisions ou autres exigences de toute autorit\u00e9 gouvernementale qui a juridiction sur vous, que ces lois, etc. soient maintenant en vigueur ou entrent en vigueur plus tard pendant la p\u00e9riode o\u00f9 vous participez au programme. Sans limiter l&rsquo;obligation qui pr\u00e9c\u00e8de, vous acceptez que, comme condition de votre participation au programme, vous vous conformiez \u00e0 toutes les lois applicables (f\u00e9d\u00e9rales, \u00e9tatiques ou autres) qui r\u00e9gissent le courrier \u00e9lectronique marketing, y compris, sans s&rsquo;y limiter, la loi CAN-SPAM de 2003 et toutes d&rsquo;autres lois anti-spam.<\/p>\n<h2>Dur\u00e9e de l&rsquo;accord et du programme<\/h2>\n<p>La dur\u00e9e de cet accord commencera d\u00e8s notre acceptation de votre candidature au programme et prendra fin lorsqu&rsquo;elle sera r\u00e9sili\u00e9e par l&rsquo;une ou l&rsquo;autre des parties. Vous ou nous pouvons r\u00e9silier le pr\u00e9sent Contrat \u00e0 tout moment, avec ou sans motif, en donnant \u00e0 l&rsquo;autre partie un pr\u00e9avis \u00e9crit de r\u00e9siliation. \u00c0 la r\u00e9siliation du pr\u00e9sent accord pour quelque raison que ce soit, vous cesserez imm\u00e9diatement d&rsquo;utiliser et supprimerez de votre site tous les liens vers https:\/\/roidesarenes.game\/affiliation, ainsi que toutes nos marques, pr\u00e9sentations commerciales et logos, ainsi que tous d&rsquo;autres documents fournis par nous ou en notre nom conform\u00e9ment aux pr\u00e9sentes ou en relation avec le programme. ROIS DES AR\u00c8NES AFFILIATION se r\u00e9serve le droit de mettre fin au Programme \u00e0 tout moment. \u00c0 la fin du programme, ROIS DES AR\u00c8NES AFFILIATION paiera tous les gains impay\u00e9s accumul\u00e9s au-dessus de FCFA 90 000.<\/p>\n<h2>R\u00e9siliation<\/h2>\n<p>ROIS DES AR\u00c8NES AFFILIATION, \u00e0 sa seule discr\u00e9tion, a le droit de suspendre ou de r\u00e9silier votre compte et de refuser toute utilisation actuelle ou future du Programme, ou de tout autre service ROIS DES AR\u00c8NES AFFILIATION, pour quelque raison que ce soit et \u00e0 tout moment. Une telle r\u00e9siliation du Service entra\u00eenera la d\u00e9sactivation ou la suppression de votre Compte ou de votre acc\u00e8s \u00e0 votre Compte, ainsi que la confiscation et l&rsquo;abandon de toutes les commissions potentielles ou \u00e0 payer sur votre Compte si elles ont \u00e9t\u00e9 gagn\u00e9es de mani\u00e8re frauduleuse, ill\u00e9gale ou m\u00e9thodes de vente ou de marketing trop agressives et douteuses. ROIS DES AR\u00c8NES\u00a0AFFILIATION se r\u00e9serve le droit de refuser le service \u00e0 toute personne, pour quelque raison que ce soit, \u00e0 tout moment.<\/p>\n<h2>Relation des parties<\/h2>\n<p>Vous et nous sommes des entrepreneurs ind\u00e9pendants, et rien dans le pr\u00e9sent Accord ne cr\u00e9era de partenariat, de coentreprise, d&rsquo;agence, de franchise, de repr\u00e9sentant commercial ou de relation de travail entre les parties. Vous n\u2019aurez aucune autorit\u00e9 pour faire ou accepter des offres ou des repr\u00e9sentations en notre nom. Vous ne ferez aucune d\u00e9claration, que ce soit sur votre site ou ailleurs, qui contredirait raisonnablement quoi que ce soit dans cette section.<\/p>\n<h2>Limites de responsabilit\u00e9<\/h2>\n<p>Nous ne serons pas responsables des dommages indirects, sp\u00e9ciaux ou cons\u00e9cutifs (ou de toute perte de revenus, de b\u00e9n\u00e9fices ou de donn\u00e9es) d\u00e9coulant du pr\u00e9sent Contrat ou du Programme, m\u00eame si nous avons \u00e9t\u00e9 inform\u00e9s de la possibilit\u00e9 de tels dommages. De plus, notre responsabilit\u00e9 globale d\u00e9coulant du pr\u00e9sent Contrat et du Programme ne d\u00e9passera pas le total des commissions de r\u00e9f\u00e9rence pay\u00e9es ou payables en vertu du pr\u00e9sent Contrat.<\/p>\n<h2>Avis de non-responsabilit\u00e9<\/h2>\n<p>Nous ne faisons aucune garantie ou repr\u00e9sentation expresse ou implicite concernant le programme ou tout produit vendu via le programme (y compris, sans limitation, les garanties d&rsquo;ad\u00e9quation, de qualit\u00e9 marchande, de non-contrefa\u00e7on ou toute garantie implicite d\u00e9coulant d&rsquo;un cours d&rsquo;ex\u00e9cution, de transaction ou usage commercial). De plus, nous ne garantissons pas que le fonctionnement de l&rsquo;AFFILIATION ROIS DES AR\u00c8NES\u00a0 sera ininterrompu ou sans erreur, et nous ne serons pas responsables des cons\u00e9quences de toute interruption ou erreur.<\/p>\n<h2>Enqu\u00eate ind\u00e9pendante<\/h2>\n<p>VOUS RECONNAISSEZ QUE VOUS AVEZ LU CET ACCORD ET ACCEPTEZ TOUS SES TERMES ET CONDITIONS. Vous comprenez que nous pouvons \u00e0 tout moment (directement ou indirectement) solliciter des r\u00e9f\u00e9rences de clients selon des conditions qui peuvent diff\u00e9rer de celles contenues dans le pr\u00e9sent accord ou exploiter des sites Web similaires ou en concurrence avec votre site Web. VOUS AVEZ \u00c9VALU\u00c9 DE MANI\u00c8RE IND\u00c9PENDANTE L&rsquo;OPPORTUNIT\u00c9 DE PARTICIPER AU PROGRAMME ET VOUS NE VOUS COMPTEZ SUR AUCUNE D\u00c9CLARATION, GARANTIE OU D\u00c9CLARATION AUTRE QUE CELLES \u00c9NONC\u00c9ES DANS LE PR\u00c9SENT ACCORD.<\/p>\n<h2>Arbitrage<\/h2>\n<p>Tout litige li\u00e9 de quelque mani\u00e8re que ce soit au pr\u00e9sent Contrat (y compris toute violation r\u00e9elle ou all\u00e9gu\u00e9e du pr\u00e9sent Contrat), \u00e0 toute transaction ou activit\u00e9 en vertu du pr\u00e9sent Contrat ou \u00e0 votre relation avec nous ou l&rsquo;une de nos soci\u00e9t\u00e9s affili\u00e9es sera soumis \u00e0 un arbitrage confidentiel, sauf que, dans la mesure o\u00f9 vous Si vous avez viol\u00e9 ou menac\u00e9 de violer de quelque mani\u00e8re que ce soit nos droits de propri\u00e9t\u00e9 intellectuelle, nous pouvons demander une injonction ou toute autre r\u00e9paration appropri\u00e9e aupr\u00e8s de tout tribunal \u00e9tatique ou f\u00e9d\u00e9ral (et vous consentez \u00e0 la juridiction non exclusive de ces tribunaux) ou \u00e0 tout autre tribunal comp\u00e9tent. . L&rsquo;arbitrage en vertu du pr\u00e9sent accord sera men\u00e9 selon les r\u00e8gles alors en vigueur de l&rsquo;internationale Arbitration Association. La sentence arbitrale sera contraignante et pourra \u00eatre inscrite comme jugement devant tout tribunal comp\u00e9tent. Dans toute la mesure permise par la loi applicable, aucun arbitrage en vertu du pr\u00e9sent Accord ne sera joint \u00e0 un arbitrage impliquant toute autre partie soumise au pr\u00e9sent Accord, que ce soit par le biais d&rsquo;une proc\u00e9dure d&rsquo;arbitrage collectif ou autrement.<\/p>\n<h2>R\u00e9solution des litiges<\/h2>\n<p>Si vous et ROIS DES AR\u00c8NES AFFILIATION ne r\u00e9solvez pas un litige par n\u00e9gociation informelle, le litige sera r\u00e9gl\u00e9 par les tribunaux des \u00c9mirats Arabes Unis. Chacune des parties peut demander une injonction provisoire ou pr\u00e9liminaire aupr\u00e8s de tout tribunal comp\u00e9tent, si n\u00e9cessaire pour prot\u00e9ger les droits ou les biens de la partie en attendant la fin du proc\u00e8s. Tous les frais, honoraires et d\u00e9penses juridiques, comptables et autres encourus par la partie gagnante seront \u00e0 la charge de la partie non gagnante.<\/p>\n<h2>Divers<\/h2>\n<div>Le pr\u00e9sent Accord sera r\u00e9gi par les lois des \u00c9mirats Arabes Unis, sans r\u00e9f\u00e9rence aux r\u00e8gles r\u00e9gissant le choix des lois. Vous ne pouvez pas c\u00e9der le pr\u00e9sent Contrat, par effet de la loi ou autrement, sans notre consentement \u00e9crit pr\u00e9alable. Sous r\u00e9serve de cette restriction, le pr\u00e9sent Accord liera, s&rsquo;appliquera au profit et sera opposable aux parties et \u00e0 leurs successeurs et ayants droit respectifs. Notre incapacit\u00e9 \u00e0 faire respecter votre stricte ex\u00e9cution de toute disposition du pr\u00e9sent Accord ne constituera pas une renonciation \u00e0 notre droit d\u2019appliquer ult\u00e9rieurement cette disposition ou toute autre disposition du pr\u00e9sent Accord.<\/div>\n<div><\/div>\n<div>Le fait pour ROIS DES AR\u00c8NES AFFILIATION d\u2019exercer ou de faire respecter tout droit ou disposition des Conditions G\u00e9n\u00e9rales de Service ne constitue pas une renonciation \u00e0 ce droit ou \u00e0 cette disposition. Les Conditions d&rsquo;utilisation constituent l&rsquo;int\u00e9gralit\u00e9 de l&rsquo;accord entre vous et ROIS DES AR\u00c8NES AFFILIATION et r\u00e9gissent votre utilisation du Service, rempla\u00e7ant tout accord ant\u00e9rieur entre vous et ROIS DES AR\u00c8NES AFFILIATION (y compris, mais sans s&rsquo;y limiter, toute version ant\u00e9rieure des Conditions d&rsquo;utilisation ).<\/div>\n","protected":false},"excerpt":{"rendered":"<p>ROIS DES AR\u00c8NES AFFILIATION Conditions d&rsquo;utilisation du programme d&rsquo;affiliation Derni\u00e8re modification le 19\u00a0D\u00e9cembre 2023 Accord En vous inscrivant comme affili\u00e9 au programme d&rsquo;affiliation ROIS DES ARENES AFFILIATION (\u00ab Programme \u00bb), vous acceptez d&rsquo;\u00eatre li\u00e9 par les termes et conditions suivants (\u00ab Conditions de service \u00bb). ROIS DES AR\u00c8NES AFFILIATION se r\u00e9serve le droit de mettre [&hellip;]<\/p>\n","protected":false},"author":1,"featured_media":0,"parent":0,"menu_order":0,"comment_status":"closed","ping_status":"closed","template":"","meta":{"footnotes":""},"_links":{"self":[{"href":"https:\/\/roidesarenes.game\/affiliation\/index.php\/wp-json\/wp\/v2\/pages\/107"}],"collection":[{"href":"https:\/\/roidesarenes.game\/affiliation\/index.php\/wp-json\/wp\/v2\/pages"}],"about":[{"href":"https:\/\/roidesarenes.game\/affiliation\/index.php\/wp-json\/wp\/v2\/types\/page"}],"author":[{"embeddable":true,"href":"https:\/\/roidesarenes.game\/affiliation\/index.php\/wp-json\/wp\/v2\/users\/1"}],"replies":[{"embeddable":true,"href":"https:\/\/roidesarenes.game\/affiliation\/index.php\/wp-json\/wp\/v2\/comments?post=107"}],"version-history":[{"count":2,"href":"https:\/\/roidesarenes.game\/affiliation\/index.php\/wp-json\/wp\/v2\/pages\/107\/revisions"}],"predecessor-version":[{"id":134,"href":"https:\/\/roidesarenes.game\/affiliation\/index.php\/wp-json\/wp\/v2\/pages\/107\/revisions\/134"}],"wp:attachment":[{"href":"https:\/\/roidesarenes.game\/affiliation\/index.php\/wp-json\/wp\/v2\/media?parent=107"}],"curies":[{"name":"wp","href":"https:\/\/api.w.org\/{rel}","templated":true}]}}